{"id":819,"date":"2024-09-03T16:02:05","date_gmt":"2024-09-03T16:02:05","guid":{"rendered":"https:\/\/participa.chihuahua.gob.mx\/?page_id=819"},"modified":"2025-09-22T14:45:49","modified_gmt":"2025-09-22T14:45:49","slug":"8-oics","status":"publish","type":"page","link":"https:\/\/participa.chihuahua.gob.mx\/index.php\/8-oics\/","title":{"rendered":"8. \u00d3rganos Internos de Control"},"content":{"rendered":"<div class=\"n2_clear\"><ss3-force-full-width data-overflow-x=\"body\" data-horizontal-selector=\"body\"><div class=\"n2-section-smartslider fitvidsignore  n2_clear\" data-ssid=\"28\"><div id=\"n2-ss-28-align\" class=\"n2-ss-align\"><div class=\"n2-padding\"><div id=\"n2-ss-28\" data-creator=\"Smart Slider 3\" data-responsive=\"fullwidth\" class=\"n2-ss-slider n2-ow n2-has-hover n2notransition  \">\n        <div class=\"n2-ss-slider-1 n2_ss__touch_element n2-ow\">\n            <div class=\"n2-ss-slider-2 n2-ow\">\n                                                <div class=\"n2-ss-slider-3 n2-ow\">\n\n                    <div class=\"n2-ss-slide-backgrounds n2-ow-all\"><div class=\"n2-ss-slide-background\" data-public-id=\"1\" data-mode=\"fill\"><div class=\"n2-ss-slide-background-image\" data-blur=\"0\" data-opacity=\"40\" data-x=\"46\" data-y=\"23\" data-alt=\"\" data-title=\"\" style=\"opacity:0.4;--ss-o-pos-x:46%;--ss-o-pos-y:23%\"><picture class=\"skip-lazy\" data-skip-lazy=\"1\"><img decoding=\"async\" src=\"\/\/participa.chihuahua.gob.mx\/wp-content\/uploads\/2024\/09\/pexels-sora-shimazaki-5668481.png\" alt=\"\" title=\"\" loading=\"lazy\" class=\"skip-lazy\" data-skip-lazy=\"1\"><\/picture><\/div><div data-color=\"RGBA(0,0,0,1)\" style=\"background-color: RGBA(0,0,0,1);\" class=\"n2-ss-slide-background-color\"><\/div><\/div><\/div>                    <div class=\"n2-ss-slider-4 n2-ow\">\n                        <svg xmlns=\"http:\/\/www.w3.org\/2000\/svg\" viewBox=\"0 0 1200 600\" data-related-device=\"desktopPortrait\" class=\"n2-ow n2-ss-preserve-size n2-ss-preserve-size--slider n2-ss-slide-limiter\"><\/svg><div data-first=\"1\" data-slide-duration=\"0\" data-id=\"106\" data-slide-public-id=\"1\" data-title=\"Slide\" class=\"n2-ss-slide n2-ow  n2-ss-slide-106\"><div role=\"note\" class=\"n2-ss-slide--focus\" tabindex=\"-1\">Slide<\/div><div class=\"n2-ss-layers-container n2-ss-slide-limiter n2-ow\"><div class=\"n2-ss-layer n2-ow n-uc-vlSknThqIngn\" data-sstype=\"slide\" data-pm=\"default\"><div class=\"n2-ss-layer n2-ow n-uc-IBYBgxxzPgzh\" data-pm=\"default\" data-sstype=\"content\" data-hasbackground=\"0\"><div class=\"n2-ss-section-main-content n2-ss-layer-with-background n2-ss-layer-content n2-ow n-uc-IBYBgxxzPgzh-inner\"><div class=\"n2-ss-layer n2-ow n2-ss-layer--block n2-ss-has-self-align n-uc-ft3pHE8jSowD\" data-pm=\"normal\" data-sstype=\"row\"><div class=\"n2-ss-layer-row n2-ss-layer-with-background n-uc-ft3pHE8jSowD-inner\"><div class=\"n2-ss-layer-row-inner \"><div class=\"n2-ss-layer n2-ow n-uc-IQlxDgUVlvFK\" data-pm=\"default\" data-sstype=\"col\"><div class=\"n2-ss-layer-col n2-ss-layer-with-background n2-ss-layer-content n-uc-IQlxDgUVlvFK-inner\"><div class=\"n2-ss-layer n2-ow n-uc-3VAYufXaJisE\" data-pm=\"normal\" data-sstype=\"layer\"><div class=\"n2-ss-item-content n2-ss-text n2-ow-all\"><div class=\"\"><p class=\"n2-font-1d21aeab780d3ddfc00dcae241b2e483-paragraph   \"><b>Acuerdo por el que se establecen los Lineamientos que regulan el Procedimiento de Designaci\u00f3n de las personas que conformen los \u00d3rganos Internos de Control en la Administraci\u00f3n P\u00fablica del Estado de Chihuahua.<\/b><\/p>\n<\/div><\/div><\/div><div class=\"n2-ss-layer n2-ow n-uc-0BctkSNMRJgp n2-ss-layer--auto\" data-pm=\"normal\" data-sstype=\"layer\"><div class=\"n2-ss-button-container n2-ss-item-content n2-ow n2-font-eff2aced2781d2712e1951a8ee5e5a94-link  n2-ss-nowrap n2-ss-button-container--non-full-width\"><a class=\"n2-style-dcfb4a6e0b00f0110aece05df3333ccb-heading  n2-ow \" href=\"https:\/\/drive.google.com\/file\/d\/1VLSc0tDJRnHCiOcYDwDn2_TWjCX8pKC7\/view?usp=sharing\"><div><div>PDF<\/div><\/div><\/a><\/div><\/div><\/div><\/div><div class=\"n2-ss-layer n2-ow n-uc-vCrtcU11BzQ5\" data-pm=\"default\" data-sstype=\"col\"><div class=\"n2-ss-layer-col n2-ss-layer-with-background n2-ss-layer-content n-uc-vCrtcU11BzQ5-inner\"><div class=\"n2-ss-layer n2-ow n-uc-szULctsWFX0Q\" data-pm=\"normal\" data-sstype=\"layer\"><div class=\"n2-ss-item-content n2-ss-text n2-ow-all\"><div class=\"\"><p class=\"n2-font-1d21aeab780d3ddfc00dcae241b2e483-paragraph   \"><b>Acuerdo por el que se Sectorizan los \u00d3rganos Internos de Control de las Dependencias y Entidades de la Administraci\u00f3n P\u00fablica del Estado de Chihuahua, y se emiten los Lineamientos para su Coordinaci\u00f3n y Evaluaci\u00f3n.<\/b><\/p>\n<\/div><\/div><\/div><div class=\"n2-ss-layer n2-ow n-uc-npnqf9SmKvOl n2-ss-layer--auto\" data-pm=\"normal\" data-sstype=\"layer\"><div class=\"n2-ss-button-container n2-ss-item-content n2-ow n2-font-eff2aced2781d2712e1951a8ee5e5a94-link  n2-ss-nowrap n2-ss-button-container--non-full-width\"><a class=\"n2-style-dcfb4a6e0b00f0110aece05df3333ccb-heading  n2-ow \" href=\"https:\/\/participa.chihuahua.gob.mx\/wp-content\/uploads\/2026\/02\/Reforma-de-Acuerdo-de-Sectorizacion-de-los-OIC\u00b4s.pdf\"><div><div>PDF<\/div><\/div><\/a><\/div><\/div><\/div><\/div><\/div><\/div><\/div><\/div><\/div><\/div><\/div><\/div>                    <\/div>\n\n                                    <\/div>\n            <\/div>\n        <\/div>\n        <\/div><ss3-loader><\/ss3-loader><\/div><\/div><div class=\"n2_clear\"><\/div><\/div><\/ss3-force-full-width><\/div>","protected":false},"excerpt":{"rendered":"","protected":false},"author":1,"featured_media":0,"parent":0,"menu_order":0,"comment_status":"closed","ping_status":"closed","template":"","meta":{"footnotes":""},"_links":{"self":[{"href":"https:\/\/participa.chihuahua.gob.mx\/index.php\/wp-json\/wp\/v2\/pages\/819"}],"collection":[{"href":"https:\/\/participa.chihuahua.gob.mx\/index.php\/wp-json\/wp\/v2\/pages"}],"about":[{"href":"https:\/\/participa.chihuahua.gob.mx\/index.php\/wp-json\/wp\/v2\/types\/page"}],"author":[{"embeddable":true,"href":"https:\/\/participa.chihuahua.gob.mx\/index.php\/wp-json\/wp\/v2\/users\/1"}],"replies":[{"embeddable":true,"href":"https:\/\/participa.chihuahua.gob.mx\/index.php\/wp-json\/wp\/v2\/comments?post=819"}],"version-history":[{"count":4,"href":"https:\/\/participa.chihuahua.gob.mx\/index.php\/wp-json\/wp\/v2\/pages\/819\/revisions"}],"predecessor-version":[{"id":894,"href":"https:\/\/participa.chihuahua.gob.mx\/index.php\/wp-json\/wp\/v2\/pages\/819\/revisions\/894"}],"wp:attachment":[{"href":"https:\/\/participa.chihuahua.gob.mx\/index.php\/wp-json\/wp\/v2\/media?parent=819"}],"curies":[{"name":"wp","href":"https:\/\/api.w.org\/{rel}","templated":true}]}}