{"id":815,"date":"2024-09-03T16:02:07","date_gmt":"2024-09-03T16:02:07","guid":{"rendered":"https:\/\/participa.chihuahua.gob.mx\/?page_id=815"},"modified":"2025-02-04T16:24:13","modified_gmt":"2025-02-04T16:24:13","slug":"5-investigacion","status":"publish","type":"page","link":"https:\/\/participa.chihuahua.gob.mx\/index.php\/5-investigacion\/","title":{"rendered":"5. Investigaci\u00f3n"},"content":{"rendered":"\n\n\n\n\n\n\n\n\n\n\n\n\n\n\n\n\n\n\n\n<div class=\"n2_clear\"><ss3-force-full-width data-overflow-x=\"body\" data-horizontal-selector=\"body\"><div class=\"n2-section-smartslider fitvidsignore  n2_clear\" data-ssid=\"22\"><div id=\"n2-ss-22-align\" class=\"n2-ss-align\"><div class=\"n2-padding\"><div id=\"n2-ss-22\" data-creator=\"Smart Slider 3\" data-responsive=\"fullwidth\" class=\"n2-ss-slider n2-ow n2-has-hover n2notransition  \">\n        <div class=\"n2-ss-slider-1 n2_ss__touch_element n2-ow\">\n            <div class=\"n2-ss-slider-2 n2-ow\">\n                                                <div class=\"n2-ss-slider-3 n2-ow\">\n\n                    <div class=\"n2-ss-slide-backgrounds n2-ow-all\"><div class=\"n2-ss-slide-background\" data-public-id=\"1\" data-mode=\"fill\"><div class=\"n2-ss-slide-background-image\" data-blur=\"0\" data-opacity=\"40\" data-x=\"41\" data-y=\"54\" data-alt=\"\" data-title=\"\" style=\"opacity:0.4;--ss-o-pos-x:41%;--ss-o-pos-y:54%\"><picture class=\"skip-lazy\" data-skip-lazy=\"1\"><img decoding=\"async\" src=\"\/\/smartslider3.com\/wp-content\/uploads\/slider402\/numbers7.jpg\" alt=\"\" title=\"\" loading=\"lazy\" class=\"skip-lazy\" data-skip-lazy=\"1\"><\/picture><\/div><div data-color=\"RGBA(0,0,0,1)\" style=\"background-color: RGBA(0,0,0,1);\" class=\"n2-ss-slide-background-color\"><\/div><\/div><\/div>                    <div class=\"n2-ss-slider-4 n2-ow\">\n                        <svg xmlns=\"http:\/\/www.w3.org\/2000\/svg\" viewBox=\"0 0 1200 600\" data-related-device=\"desktopPortrait\" class=\"n2-ow n2-ss-preserve-size n2-ss-preserve-size--slider n2-ss-slide-limiter\"><\/svg><div data-first=\"1\" data-slide-duration=\"0\" data-id=\"94\" data-slide-public-id=\"1\" data-title=\"Slide\" class=\"n2-ss-slide n2-ow  n2-ss-slide-94\"><div role=\"note\" class=\"n2-ss-slide--focus\" tabindex=\"-1\">Slide<\/div><div class=\"n2-ss-layers-container n2-ss-slide-limiter n2-ow\"><div class=\"n2-ss-layer n2-ow n-uc-ihBFHqydqJ2f\" data-sstype=\"slide\" data-pm=\"default\"><div class=\"n2-ss-layer n2-ow n-uc-czR4webL8r8R\" data-pm=\"default\" data-sstype=\"content\" data-hasbackground=\"0\"><div class=\"n2-ss-section-main-content n2-ss-layer-with-background n2-ss-layer-content n2-ow n-uc-czR4webL8r8R-inner\"><div class=\"n2-ss-layer n2-ow n2-ss-layer--block n2-ss-has-self-align n-uc-a1FQEnN0tLqb\" data-pm=\"normal\" data-sstype=\"row\"><div class=\"n2-ss-layer-row n2-ss-layer-with-background n-uc-a1FQEnN0tLqb-inner\"><div class=\"n2-ss-layer-row-inner \"><div class=\"n2-ss-layer n2-ow n-uc-s9qrjmii7ZbI\" data-pm=\"default\" data-sstype=\"col\"><div class=\"n2-ss-layer-col n2-ss-layer-with-background n2-ss-layer-content n-uc-s9qrjmii7ZbI-inner\"><div class=\"n2-ss-layer n2-ow n-uc-fZot2qAVHyHA\" data-pm=\"normal\" data-sstype=\"layer\"><div class=\"n2-ss-item-content n2-ss-text n2-ow-all\"><div class=\"\"><p class=\"n2-font-1d21aeab780d3ddfc00dcae241b2e483-paragraph   \"><b>Gu\u00eda para realizar la investigaci\u00f3n de faltas administrativas<\/b><\/p>\n<\/div><\/div><\/div><div class=\"n2-ss-layer n2-ow n-uc-0mvQeapZUKIw n2-ss-layer--auto\" data-pm=\"normal\" data-sstype=\"layer\"><div class=\"n2-ss-button-container n2-ss-item-content n2-ow n2-font-eff2aced2781d2712e1951a8ee5e5a94-link  n2-ss-nowrap n2-ss-button-container--non-full-width\"><a class=\"n2-style-dcfb4a6e0b00f0110aece05df3333ccb-heading  n2-ow \" href=\"https:\/\/drive.google.com\/file\/d\/18-hkpVfMRYkE6F7fod5nfYzWRjzZmTCp\/view?usp=sharing\"><div><div>PDF<\/div><\/div><\/a><\/div><\/div><\/div><\/div><div class=\"n2-ss-layer n2-ow n-uc-176eba842ffde\" data-pm=\"default\" data-sstype=\"col\"><div class=\"n2-ss-layer-col n2-ss-layer-with-background n2-ss-layer-content n-uc-176eba842ffde-inner\"><div class=\"n2-ss-layer n2-ow n-uc-1d3c5e8ff1c83\" data-pm=\"normal\" data-sstype=\"layer\"><div class=\"n2-ss-item-content n2-ss-text n2-ow-all\"><div class=\"\"><p class=\"n2-font-502387506f4e7cd5739c8f8d3c244456-paragraph   \"><b>Lineamientos para los Procedimientos de Verificaci\u00f3n Aleatoria, de Investigaci\u00f3n en materia de Evoluci\u00f3n Patrimonial y de Verificaci\u00f3n de la Evoluci\u00f3n Patrimonial de las personas servidoras p\u00fablicas o de aquellas que fungieron como tales en la Administraci\u00f3n P\u00fablica Estatal<\/b><\/p>\n<\/div><\/div><\/div><div class=\"n2-ss-layer n2-ow n-uc-139b6fd08cfb7 n2-ss-layer--auto\" data-pm=\"normal\" data-sstype=\"layer\"><div class=\"n2-ss-button-container n2-ss-item-content n2-ow n2-font-eff2aced2781d2712e1951a8ee5e5a94-link  n2-ss-nowrap n2-ss-button-container--non-full-width\"><a class=\"n2-style-dcfb4a6e0b00f0110aece05df3333ccb-heading  n2-ow \" href=\"https:\/\/drive.google.com\/file\/d\/1RFVEKpVKAhNmEX4ijNUfXnwSnxiqZrBT\/view?usp=sharing\"><div><div>PDF<\/div><\/div><\/a><\/div><\/div><\/div><\/div><div class=\"n2-ss-layer n2-ow n-uc-HUUky1SOUsxr\" data-pm=\"default\" data-sstype=\"col\"><div class=\"n2-ss-layer-col n2-ss-layer-with-background n2-ss-layer-content n-uc-HUUky1SOUsxr-inner\"><div class=\"n2-ss-layer n2-ow n-uc-oCPni3a0UJWe\" data-pm=\"normal\" data-sstype=\"layer\"><div class=\"n2-ss-item-content n2-ss-text n2-ow-all\"><div class=\"\"><p class=\"n2-font-1d21aeab780d3ddfc00dcae241b2e483-paragraph   \"><b>Protocolo de Actuaci\u00f3n de las autoridades investigadoras al conocer casos de Hostigamiento, Acoso Sexual y\/o Laboral y Discriminaci\u00f3n <\/b><\/p>\n<\/div><\/div><\/div><div class=\"n2-ss-layer n2-ow n-uc-yJ61Ws12rPAw n2-ss-layer--auto\" data-pm=\"normal\" data-sstype=\"layer\"><div class=\"n2-ss-button-container n2-ss-item-content n2-ow n2-font-eff2aced2781d2712e1951a8ee5e5a94-link  n2-ss-nowrap n2-ss-button-container--non-full-width\"><a class=\"n2-style-dcfb4a6e0b00f0110aece05df3333ccb-heading  n2-ow \" href=\"https:\/\/drive.google.com\/file\/d\/1i8PaGzw8-ModTWyqdxYL9_fh7Cf3wI4I\/view?usp=sharing\"><div><div>PDF<\/div><\/div><\/a><\/div><\/div><\/div><\/div><div class=\"n2-ss-layer n2-ow n-uc-tVYkxAtX1XtJ\" data-pm=\"default\" data-sstype=\"col\"><div class=\"n2-ss-layer-col n2-ss-layer-with-background n2-ss-layer-content n-uc-tVYkxAtX1XtJ-inner\"><div class=\"n2-ss-layer n2-ow n-uc-UX3SdwIf5xft\" data-pm=\"normal\" data-sstype=\"layer\"><div class=\"n2-ss-item-content n2-ss-text n2-ow-all\"><div class=\"\"><p class=\"n2-font-1d21aeab780d3ddfc00dcae241b2e483-paragraph   \"><b> Protocolo de Actuaci\u00f3n de las autoridades investigadoras para la Protecci\u00f3n de Denunciantes, Alertadores o Testigos <\/b><\/p>\n<\/div><\/div><\/div><div class=\"n2-ss-layer n2-ow n-uc-eHFGUIYrpkiW n2-ss-layer--auto\" data-pm=\"normal\" data-sstype=\"layer\"><div class=\"n2-ss-button-container n2-ss-item-content n2-ow n2-font-eff2aced2781d2712e1951a8ee5e5a94-link  n2-ss-nowrap n2-ss-button-container--non-full-width\"><a class=\"n2-style-dcfb4a6e0b00f0110aece05df3333ccb-heading  n2-ow \" href=\"https:\/\/drive.google.com\/file\/d\/1XvthhGhOWaEoN4oSMPNqeY8WXumwLJtq\/view?usp=sharing\"><div><div>PDF<\/div><\/div><\/a><\/div><\/div><\/div><\/div><\/div><\/div><\/div><div class=\"n2-ss-layer n2-ow n2-ss-layer--block n2-ss-has-self-align n-uc-15709487c883e\" data-pm=\"normal\" data-sstype=\"row\"><div class=\"n2-ss-layer-row n2-ss-layer-with-background n-uc-15709487c883e-inner\"><div class=\"n2-ss-layer-row-inner \"><div class=\"n2-ss-layer n2-ow n-uc-1df5f9507db9f\" data-pm=\"default\" data-sstype=\"col\"><div class=\"n2-ss-layer-col n2-ss-layer-with-background n2-ss-layer-content n-uc-1df5f9507db9f-inner\"><div class=\"n2-ss-layer n2-ow n-uc-1ca992571666b\" data-pm=\"normal\" data-sstype=\"layer\"><div class=\"n2-ss-item-content n2-ss-text n2-ow-all\"><div class=\"\"><p class=\"n2-font-1d21aeab780d3ddfc00dcae241b2e483-paragraph   \"><b> Gu\u00eda para el registro como nuevo usuario Declaranet <\/b><\/p>\n<\/div><\/div><\/div><div class=\"n2-ss-layer n2-ow n-uc-1656234c8d3b3 n2-ss-layer--auto\" data-pm=\"normal\" data-sstype=\"layer\"><div class=\"n2-ss-button-container n2-ss-item-content n2-ow n2-font-eff2aced2781d2712e1951a8ee5e5a94-link  n2-ss-nowrap n2-ss-button-container--non-full-width\"><a class=\"n2-style-dcfb4a6e0b00f0110aece05df3333ccb-heading  n2-ow \" href=\"https:\/\/drive.google.com\/file\/d\/1oe6qRUnrJs9ZMBoCw_foUvWqTgFenmPn\/view?usp=sharing\"><div><div>PDF<\/div><\/div><\/a><\/div><\/div><\/div><\/div><div class=\"n2-ss-layer n2-ow n-uc-13386e4f8d56c\" data-pm=\"default\" data-sstype=\"col\"><div class=\"n2-ss-layer-col n2-ss-layer-with-background n2-ss-layer-content n-uc-13386e4f8d56c-inner\"><div class=\"n2-ss-layer n2-ow n-uc-1f2c2baec44aa\" data-pm=\"normal\" data-sstype=\"layer\"><div class=\"n2-ss-item-content n2-ss-text n2-ow-all\"><div class=\"\"><p class=\"n2-font-1d21aeab780d3ddfc00dcae241b2e483-paragraph   \"><b>Gu\u00eda para la presentaci\u00f3n de la Declaraci\u00f3n Patrimonial y de Intereses<\/b><\/p>\n<\/div><\/div><\/div><div class=\"n2-ss-layer n2-ow n-uc-13a850ff654ec n2-ss-layer--auto\" data-pm=\"normal\" data-sstype=\"layer\"><div class=\"n2-ss-button-container n2-ss-item-content n2-ow n2-font-eff2aced2781d2712e1951a8ee5e5a94-link  n2-ss-nowrap n2-ss-button-container--non-full-width\"><a class=\"n2-style-dcfb4a6e0b00f0110aece05df3333ccb-heading  n2-ow \" href=\"https:\/\/drive.google.com\/file\/d\/1SeiyQB0ATign7j4I5SJxq0s65UnZ7tKl\/view?usp=sharing\"><div><div>PDF<\/div><\/div><\/a><\/div><\/div><\/div><\/div><div class=\"n2-ss-layer n2-ow n-uc-16fbf0b67b095\" data-pm=\"default\" data-sstype=\"col\"><div class=\"n2-ss-layer-col n2-ss-layer-with-background n2-ss-layer-content n-uc-16fbf0b67b095-inner\"><div class=\"n2-ss-layer n2-ow n-uc-1f511b32f86d4\" data-pm=\"normal\" data-sstype=\"layer\"><div class=\"n2-ss-item-content n2-ss-text n2-ow-all\"><div class=\"\"><p class=\"n2-font-1d21aeab780d3ddfc00dcae241b2e483-paragraph   \"><b>Gu\u00eda para la recuperaci\u00f3n de contrase\u00f1a Declaranet<\/b><\/p>\n<\/div><\/div><\/div><div class=\"n2-ss-layer n2-ow n-uc-13bf8dd87eea1 n2-ss-layer--auto\" data-pm=\"normal\" data-sstype=\"layer\"><div class=\"n2-ss-button-container n2-ss-item-content n2-ow n2-font-eff2aced2781d2712e1951a8ee5e5a94-link  n2-ss-nowrap n2-ss-button-container--non-full-width\"><a class=\"n2-style-dcfb4a6e0b00f0110aece05df3333ccb-heading  n2-ow \" href=\"https:\/\/drive.google.com\/file\/d\/1PNHh5Hthmfb6TAOgDvNXd2Rm7lEMbuDJ\/view?usp=sharing\"><div><div>PDF<\/div><\/div><\/a><\/div><\/div><\/div><\/div><div class=\"n2-ss-layer n2-ow n-uc-1d09477c0d659\" data-pm=\"default\" data-sstype=\"col\"><div class=\"n2-ss-layer-col n2-ss-layer-with-background n2-ss-layer-content n-uc-1d09477c0d659-inner\"><div class=\"n2-ss-layer n2-ow n-uc-19a7920ba9bba\" data-pm=\"normal\" data-sstype=\"layer\"><div class=\"n2-ss-item-content n2-ss-text n2-ow-all\"><div class=\"\"><p class=\"n2-font-1d21aeab780d3ddfc00dcae241b2e483-paragraph   \"><b>Gu\u00eda practica de usuario para utilizar Declaranet <\/b><\/p>\n<\/div><\/div><\/div><div class=\"n2-ss-layer n2-ow n-uc-1e8a878df8930 n2-ss-layer--auto\" data-pm=\"normal\" data-sstype=\"layer\"><div class=\"n2-ss-button-container n2-ss-item-content n2-ow n2-font-eff2aced2781d2712e1951a8ee5e5a94-link  n2-ss-nowrap n2-ss-button-container--non-full-width\"><a class=\"n2-style-dcfb4a6e0b00f0110aece05df3333ccb-heading  n2-ow \" href=\"https:\/\/drive.google.com\/file\/d\/11Efv6N8aRztdfhavUzGWV6gA_B9G5tzM\/view?usp=sharing\"><div><div>PDF<\/div><\/div><\/a><\/div><\/div><\/div><\/div><\/div><\/div><\/div><div class=\"n2-ss-layer n2-ow n2-ss-layer--block n2-ss-has-self-align n-uc-1d3095312b788\" data-pm=\"normal\" data-sstype=\"row\"><div class=\"n2-ss-layer-row n2-ss-layer-with-background n-uc-1d3095312b788-inner\"><div class=\"n2-ss-layer-row-inner \"><div class=\"n2-ss-layer n2-ow n-uc-13db2f574de13\" data-pm=\"default\" data-sstype=\"col\"><div class=\"n2-ss-layer-col n2-ss-layer-with-background n2-ss-layer-content n-uc-13db2f574de13-inner\"><\/div><\/div><\/div><\/div><\/div><\/div><\/div><\/div><\/div><\/div>                    <\/div>\n\n                                    <\/div>\n            <\/div>\n        <\/div>\n        <\/div><ss3-loader><\/ss3-loader><\/div><\/div><div class=\"n2_clear\"><\/div><\/div><\/ss3-force-full-width><\/div>","protected":false},"excerpt":{"rendered":"","protected":false},"author":1,"featured_media":0,"parent":0,"menu_order":0,"comment_status":"closed","ping_status":"closed","template":"","meta":{"footnotes":""},"_links":{"self":[{"href":"https:\/\/participa.chihuahua.gob.mx\/index.php\/wp-json\/wp\/v2\/pages\/815"}],"collection":[{"href":"https:\/\/participa.chihuahua.gob.mx\/index.php\/wp-json\/wp\/v2\/pages"}],"about":[{"href":"https:\/\/participa.chihuahua.gob.mx\/index.php\/wp-json\/wp\/v2\/types\/page"}],"author":[{"embeddable":true,"href":"https:\/\/participa.chihuahua.gob.mx\/index.php\/wp-json\/wp\/v2\/users\/1"}],"replies":[{"embeddable":true,"href":"https:\/\/participa.chihuahua.gob.mx\/index.php\/wp-json\/wp\/v2\/comments?post=815"}],"version-history":[{"count":2,"href":"https:\/\/participa.chihuahua.gob.mx\/index.php\/wp-json\/wp\/v2\/pages\/815\/revisions"}],"predecessor-version":[{"id":834,"href":"https:\/\/participa.chihuahua.gob.mx\/index.php\/wp-json\/wp\/v2\/pages\/815\/revisions\/834"}],"wp:attachment":[{"href":"https:\/\/participa.chihuahua.gob.mx\/index.php\/wp-json\/wp\/v2\/media?parent=815"}],"curies":[{"name":"wp","href":"https:\/\/api.w.org\/{rel}","templated":true}]}}