{"id":769,"date":"2024-08-12T14:08:27","date_gmt":"2024-08-12T14:08:27","guid":{"rendered":"https:\/\/participa.chihuahua.gob.mx\/?page_id=769"},"modified":"2026-04-10T14:55:23","modified_gmt":"2026-04-10T14:55:23","slug":"conoce-los-informes-anuales-de-actividades-de-la-secretaria-de-la-funcion-publica","status":"publish","type":"page","link":"https:\/\/participa.chihuahua.gob.mx\/index.php\/conoce-los-informes-anuales-de-actividades-de-la-secretaria-de-la-funcion-publica\/","title":{"rendered":"Conoce los Informes Anuales de Actividades de la Secretar\u00eda de la Funci\u00f3n P\u00fablica:"},"content":{"rendered":"\n<div class=\"wp-block-columns is-layout-flex wp-container-4 wp-block-columns-is-layout-flex\">\n<div class=\"wp-block-column is-layout-flow wp-block-column-is-layout-flow\">\n<figure class=\"wp-block-image size-full\"><a href=\"https:\/\/drive.google.com\/file\/d\/1RQ0xdR3K6UzhKVx8Ng6GfsILxbD4fgH1\/view?usp=sharing\"><img decoding=\"async\" width=\"520\" height=\"670\" src=\"https:\/\/participa.chihuahua.gob.mx\/wp-content\/uploads\/2024\/08\/2022.jpg\" alt=\"\" class=\"wp-image-770\"\/><\/a><\/figure>\n\n\n\n<figure class=\"wp-block-image size-full\"><a href=\"https:\/\/drive.google.com\/file\/d\/1jq_aWVuQkJLp7ffMggL6JYP_tgwuEzR-\/view\"><img decoding=\"async\" width=\"520\" height=\"668\" src=\"https:\/\/participa.chihuahua.gob.mx\/wp-content\/uploads\/2026\/04\/Portada-IAA-4to-informe-2025.jpg\" alt=\"\" class=\"wp-image-1153\" srcset=\"https:\/\/participa.chihuahua.gob.mx\/wp-content\/uploads\/2026\/04\/Portada-IAA-4to-informe-2025.jpg 520w, https:\/\/participa.chihuahua.gob.mx\/wp-content\/uploads\/2026\/04\/Portada-IAA-4to-informe-2025-234x300.jpg 234w\" sizes=\"(max-width: 520px) 100vw, 520px\" \/><\/a><\/figure>\n<\/div>\n\n\n\n<div class=\"wp-block-column is-layout-flow wp-block-column-is-layout-flow\">\n<figure class=\"wp-block-image size-full\"><a href=\"https:\/\/drive.google.com\/file\/d\/1_ObnEBsC5s_UyDd4sulgBhvhVak8lfde\/view?usp=sharing\"><img decoding=\"async\" width=\"522\" height=\"669\" src=\"https:\/\/participa.chihuahua.gob.mx\/wp-content\/uploads\/2024\/08\/2023.jpg\" alt=\"\" class=\"wp-image-771\"\/><\/a><\/figure>\n<\/div>\n\n\n\n<div class=\"wp-block-column is-layout-flow wp-block-column-is-layout-flow\">\n<figure class=\"wp-block-image size-full\"><a href=\"https:\/\/drive.google.com\/file\/d\/1hvNzoayUFlUxHWaMqI9xUeOY5uThsrfm\/view?usp=sharing\"><img decoding=\"async\" width=\"531\" height=\"683\" src=\"https:\/\/participa.chihuahua.gob.mx\/wp-content\/uploads\/2025\/08\/informe-portada-3.jpg\" alt=\"\" class=\"wp-image-1049\"\/><\/a><\/figure>\n<\/div>\n<\/div>\n","protected":false},"excerpt":{"rendered":"","protected":false},"author":1,"featured_media":0,"parent":0,"menu_order":0,"comment_status":"closed","ping_status":"closed","template":"","meta":{"footnotes":""},"_links":{"self":[{"href":"https:\/\/participa.chihuahua.gob.mx\/index.php\/wp-json\/wp\/v2\/pages\/769"}],"collection":[{"href":"https:\/\/participa.chihuahua.gob.mx\/index.php\/wp-json\/wp\/v2\/pages"}],"about":[{"href":"https:\/\/participa.chihuahua.gob.mx\/index.php\/wp-json\/wp\/v2\/types\/page"}],"author":[{"embeddable":true,"href":"https:\/\/participa.chihuahua.gob.mx\/index.php\/wp-json\/wp\/v2\/users\/1"}],"replies":[{"embeddable":true,"href":"https:\/\/participa.chihuahua.gob.mx\/index.php\/wp-json\/wp\/v2\/comments?post=769"}],"version-history":[{"count":3,"href":"https:\/\/participa.chihuahua.gob.mx\/index.php\/wp-json\/wp\/v2\/pages\/769\/revisions"}],"predecessor-version":[{"id":1154,"href":"https:\/\/participa.chihuahua.gob.mx\/index.php\/wp-json\/wp\/v2\/pages\/769\/revisions\/1154"}],"wp:attachment":[{"href":"https:\/\/participa.chihuahua.gob.mx\/index.php\/wp-json\/wp\/v2\/media?parent=769"}],"curies":[{"name":"wp","href":"https:\/\/api.w.org\/{rel}","templated":true}]}}