{"id":1143,"date":"2026-03-12T20:07:17","date_gmt":"2026-03-12T20:07:17","guid":{"rendered":"https:\/\/participa.chihuahua.gob.mx\/?page_id=1143"},"modified":"2026-03-12T20:47:15","modified_gmt":"2026-03-12T20:47:15","slug":"comite-coordinador-del-sistema-estatal-anticorrupcion","status":"publish","type":"page","link":"https:\/\/participa.chihuahua.gob.mx\/index.php\/comite-coordinador-del-sistema-estatal-anticorrupcion\/","title":{"rendered":"Comit\u00e9 Coordinador del Sistema Estatal Anticorrupci\u00f3n"},"content":{"rendered":"\n<!DOCTYPE html>\n\n<html lang=\"es\">\n<head>\n  <meta charset=\"UTF-8\" \/>\n  <meta name=\"viewport\" content=\"width=device-width, initial-scale=1.0\"\/>\n  <title>Servicios \u2013 Chihuahua Participa<\/title>\n  <script src=\"https:\/\/cdn.tailwindcss.com\"><\/script>\n  <link href=\"https:\/\/fonts.googleapis.com\/css2?family=Raleway:wght@300;400;600;700;800&#038;family=Inter:wght@300;400;500&#038;display=swap\" rel=\"stylesheet\"\/>\n  <style>\n    body { font-family: 'Inter', sans-serif; }\n    h1, h2, h3, h4 { font-family: 'Raleway', sans-serif; }\n    .card-hover { transition: transform 0.3s ease, box-shadow 0.3s ease; }\n    .card-hover:hover { transform: translateY(-6px); box-shadow: 0 20px 40px rgba(0,0,0,0.08); }\n    .icon-ring { transition: background 0.3s ease; }\n    .card-hover:hover .icon-ring { background: #1a3a6b; }\n    .card-hover:hover .icon-ring svg { stroke: #fff; }\n.wp-block-html {\n  max-width: 100% !important;\n  padding: 0 !important;\n}\n  <\/style>\n<\/head>\n<body class=\"bg-gray-50\">\n\n    <!-- Encabezado -->\n    <div class=\"text-center mb-16\">\n      <span class=\"inline-block text-xs font-semibold tracking-widest text-blue-700 uppercase bg-blue-50 px-4 py-1.5 rounded-full mb-4\">\n          \u00bfCu\u00e1l es la funci\u00f3n de la SFP dentro del Comit\u00e9 Coordinador Anticorrupci\u00f3n?\n      <\/span>\n      <p class=\"text-gray-500 text-sm max-w-2xl mx-auto font-light text-justify leading-relaxed\">\n        La Secretar\u00eda de la Funci\u00f3n P\u00fablica del Estado de Chihuahua (SFP) forma parte del Comit\u00e9 Coordinador del Sistema Estatal Anticorrupci\u00f3n del Estado de Chihuahua, \u00f3rgano responsable de dise\u00f1ar, promover y evaluar las pol\u00edticas p\u00fablicas en materia anticorrupci\u00f3n en el estado. Por ello, en este apartado encontrar\u00e1s informaci\u00f3n general y de referencia, as\u00ed como enlaces y documentos oficiales para su consulta. Este espacio tiene como objetivo fortalecer el acceso a la informaci\u00f3n, la transparencia y la participaci\u00f3n ciudadana en materia de integridad p\u00fablica.\n      <\/p>\n      <div class=\"mt-6 mx-auto w-16 h-1 bg-blue-700 rounded-full\"><\/div>\n    <\/div>\n\n    <!-- Grid de tarjetas -->\n<div class=\"grid grid-cols-1 sm:grid-cols-2 lg:grid-cols-3 gap-8\">\n\n  <!-- Tarjeta 1 -->\n  <div class=\"card-hover bg-white rounded-2xl p-8 border border-gray-100 shadow-sm\">\n    <div class=\"w-full mb-6\">\n      <img decoding=\"async\" src=\"https:\/\/participa.chihuahua.gob.mx\/wp-content\/uploads\/2026\/03\/CCSEA.png\" alt=\"Comit\u00e9 Coordinador\" class=\"w-full h-full\"\/>\n    <\/div>\n    <h3 class=\"text-xl font-bold text-gray-900 mb-2\">\u00bfQu\u00e9 es el Comit\u00e9 Coordinador?<\/h3>\n    <p class=\"text-gray-500 text-sm leading-relaxed\">Es el \u00f3rgano colegiado que establece, promueve y eval\u00faa la Pol\u00edtica Estatal Anticorrupci\u00f3n, dise\u00f1a los mecanismos de coordinaci\u00f3n con las autoridades federales y estatales involucradas en prevenci\u00f3n, disuasi\u00f3n y sanci\u00f3n de faltas administrativas y hechos de corrupci\u00f3n. Aprueban las propuestas y eval\u00faan los resultados de su implementaci\u00f3n.<br>\nEn la secci\u00f3n de informes de este sitio encontrar\u00e1s en anexos los informes que ha reportado la SFP como integrante del Comit\u00e9.\n<\/p>\n    <a href=\"https:\/\/secretaria.anticorrupcion.org\/comite-coordinador\/\" class=\"inline-flex items-center gap-1 mt-5 text-blue-700 text-sm font-semibold hover:gap-2 transition-all\">\n      Conoce m\u00e1s\n      <svg class=\"w-4 h-4\" fill=\"none\" stroke=\"currentColor\" stroke-width=\"2\" viewBox=\"0 0 24 24\"><path stroke-linecap=\"round\" stroke-linejoin=\"round\" d=\"M9 5l7 7-7 7\"\/><\/svg>\n    <\/a>\n  <\/div>\n\n  <!-- Tarjeta CTA (fondo azul) -->\n  <div class=\"card-hover bg-blue-700 rounded-2xl p-8 shadow-sm flex flex-col justify-between\">\n    <div>\n      <div class=\"w-full mb-6\">\n        <img decoding=\"async\" src=\"https:\/\/participa.chihuahua.gob.mx\/wp-content\/uploads\/2026\/03\/logo-header-1.png\" alt=\"SESEA\" class=\"w-full h-full \"\/>\n      <\/div>\n      <h3 class=\"text-xl font-bold text-white mb-2\">Secretar\u00eda Ejecutiva del SEA (SESEA)?<\/h3>\n      <p class=\"text-blue-100 text-sm leading-relaxed\">Son el apoyo t\u00e9cnico del Comit\u00e9 Coordinador del Sistema Estatal Anticorrupci\u00f3n. Su trabajo es brindar herramientas para que el Comit\u00e9 Coordinador pueda combatir la corrupci\u00f3n, creando estudios y Pol\u00edticas P\u00fablicas.<\/p>\n    <\/div>\n    <a href=\"https:\/\/secretaria.anticorrupcion.org\/\" class=\"inline-flex items-center justify-center gap-2 mt-8 bg-white text-blue-700 text-sm font-bold px-5 py-3 rounded-xl hover:bg-blue-50 transition-colors\">\n      Conoce m\u00e1s\n      <svg class=\"w-4 h-4\" fill=\"none\" stroke=\"currentColor\" stroke-width=\"2\" viewBox=\"0 0 24 24\"><path stroke-linecap=\"round\" stroke-linejoin=\"round\" d=\"M9 5l7 7-7 7\"\/><\/svg>\n    <\/a>\n  <\/div>\n\n  <!-- Tarjeta 3 -->\n  <div class=\"card-hover bg-white rounded-2xl p-8 border border-gray-100 shadow-sm\">\n   \n    <h3 class=\"text-xl font-bold text-gray-900 mb-2\">Cuadernillo Anticorrupci\u00f3n<\/h3>\n    <a href=\"https:\/\/drive.google.com\/file\/d\/1uOdrI5_cYRgTQw_0fPFM70hs5Uqp9NwB\/view?usp=sharing\" class=\"inline-flex items-center gap-1 mt-5 text-blue-700 text-sm font-semibold hover:gap-2 transition-all\">\n      Conoce m\u00e1s\n      <svg class=\"w-4 h-4\" fill=\"none\" stroke=\"currentColor\" stroke-width=\"2\" viewBox=\"0 0 24 24\"><path stroke-linecap=\"round\" stroke-linejoin=\"round\" d=\"M9 5l7 7-7 7\"\/><\/svg>\n    <\/a>\n  <\/div>\n\n<\/div>\n  <\/section>\n\n<\/body>\n<\/html>\n","protected":false},"excerpt":{"rendered":"<p>Servicios \u2013 Chihuahua Participa \u00bfCu\u00e1l es la funci\u00f3n de la SFP dentro del Comit\u00e9 Coordinador Anticorrupci\u00f3n? La Secretar\u00eda de la Funci\u00f3n P\u00fablica del Estado de Chihuahua (SFP) forma parte del Comit\u00e9 Coordinador del Sistema Estatal Anticorrupci\u00f3n del Estado de Chihuahua, \u00f3rgano responsable de dise\u00f1ar, promover y evaluar las pol\u00edticas p\u00fablicas en materia anticorrupci\u00f3n en el &hellip; <\/p>\n<p class=\"link-more\"><a href=\"https:\/\/participa.chihuahua.gob.mx\/index.php\/comite-coordinador-del-sistema-estatal-anticorrupcion\/\" class=\"more-link\">Leer m\u00e1s<span class=\"screen-reader-text\"> \u00abComit\u00e9 Coordinador del Sistema Estatal Anticorrupci\u00f3n\u00bb<\/span><\/a><\/p>\n","protected":false},"author":1,"featured_media":0,"parent":0,"menu_order":0,"comment_status":"closed","ping_status":"closed","template":"","meta":{"footnotes":""},"_links":{"self":[{"href":"https:\/\/participa.chihuahua.gob.mx\/index.php\/wp-json\/wp\/v2\/pages\/1143"}],"collection":[{"href":"https:\/\/participa.chihuahua.gob.mx\/index.php\/wp-json\/wp\/v2\/pages"}],"about":[{"href":"https:\/\/participa.chihuahua.gob.mx\/index.php\/wp-json\/wp\/v2\/types\/page"}],"author":[{"embeddable":true,"href":"https:\/\/participa.chihuahua.gob.mx\/index.php\/wp-json\/wp\/v2\/users\/1"}],"replies":[{"embeddable":true,"href":"https:\/\/participa.chihuahua.gob.mx\/index.php\/wp-json\/wp\/v2\/comments?post=1143"}],"version-history":[{"count":2,"href":"https:\/\/participa.chihuahua.gob.mx\/index.php\/wp-json\/wp\/v2\/pages\/1143\/revisions"}],"predecessor-version":[{"id":1146,"href":"https:\/\/participa.chihuahua.gob.mx\/index.php\/wp-json\/wp\/v2\/pages\/1143\/revisions\/1146"}],"wp:attachment":[{"href":"https:\/\/participa.chihuahua.gob.mx\/index.php\/wp-json\/wp\/v2\/media?parent=1143"}],"curies":[{"name":"wp","href":"https:\/\/api.w.org\/{rel}","templated":true}]}}